{"id":49534,"date":"2025-01-05T18:34:47","date_gmt":"2025-01-05T18:34:47","guid":{"rendered":"https:\/\/sukk.rs\/?page_id=49534"},"modified":"2025-02-18T21:45:32","modified_gmt":"2025-02-18T21:45:32","slug":"teledermoskopija","status":"publish","type":"page","link":"https:\/\/sukk.rs\/sr\/teledermoskopija\/","title":{"rendered":"Teledermoskopija"},"content":{"rendered":"\t\t<div data-elementor-type=\"wp-page\" data-elementor-id=\"49534\" class=\"elementor elementor-49534\">\n\t\t\t\t\t\t<section class=\"elementor-section elementor-top-section elementor-element elementor-element-921a971 elementor-section-content-middle elementor-section-height-min-height elementor-section-boxed elementor-section-height-default elementor-section-items-middle\" data-id=\"921a971\" data-element_type=\"section\" data-e-type=\"section\" data-settings=\"{&quot;background_background&quot;:&quot;classic&quot;}\">\n\t\t\t\t\t\t<div class=\"elementor-container elementor-column-gap-default\">\n\t\t\t\t\t<div class=\"elementor-column elementor-col-100 elementor-top-column elementor-element elementor-element-57ac9e5\" data-id=\"57ac9e5\" data-element_type=\"column\" data-e-type=\"column\">\n\t\t\t<div class=\"elementor-widget-wrap elementor-element-populated\">\n\t\t\t\t\t\t<div class=\"elementor-element elementor-element-144955a elementor-invisible elementor-widget elementor-widget-heading\" data-id=\"144955a\" data-element_type=\"widget\" data-e-type=\"widget\" data-settings=\"{&quot;_animation&quot;:&quot;fadeInUp&quot;,&quot;_animation_delay&quot;:200}\" data-widget_type=\"heading.default\">\n\t\t\t\t<div class=\"elementor-widget-container\">\n\t\t\t\t\t<h1 class=\"elementor-heading-title elementor-size-default\">TELEDERMOSKOPIJA<\/h1>\t\t\t\t<\/div>\n\t\t\t\t<\/div>\n\t\t\t\t<div class=\"elementor-element elementor-element-a7c03dc elementor-invisible elementor-widget elementor-widget-text-editor\" data-id=\"a7c03dc\" data-element_type=\"widget\" data-e-type=\"widget\" data-settings=\"{&quot;_animation&quot;:&quot;fadeInUp&quot;,&quot;_animation_delay&quot;:400}\" data-widget_type=\"text-editor.default\">\n\t\t\t\t<div class=\"elementor-widget-container\">\n\t\t\t\t\t\t\t\t\t<h4><strong>Teledermoskopija \u2013 budu\u0107nost dijagnostike ko\u017enih promena<\/strong><\/h4><p>U svetu u kome tehnologija sve vi\u0161e oblikuje medicinsku dijagnostiku, teledermoskopija postaje jedan od najeefikasnijih na\u010dina za rano otkrivanje ko\u017enih oboljenja, uklju\u010duju\u0107i rak ko\u017ee. Ova inovativna metoda omogu\u0107ava lekarima da procenjuju i analiziraju sumnjive promene na ko\u017ei uz pomo\u0107 digitalnih dermoskopa i telekomunikacionih tehnologija.<\/p><h4>\u0160ta je teledermoskopija?<\/h4><p>Teledermoskopija predstavlja upotrebu dermoskopa \u2013 specijalnog ure\u0111aja koji omogu\u0107ava uve\u0107ani prikaz ko\u017ee \u2013 u kombinaciji sa digitalnim sistemima za prenos slika i podataka. Zahvaljuju\u0107i tome, pacijenti mogu poslati slike sumnjivih promena dermatologu, bez potrebe za fizi\u010dkim pregledom, \u0161to zna\u010dajno \u0161tedi vreme i resurse.<\/p><h3>Prednosti teledermoskopije<\/h3><ul><li><strong>Rano otkrivanje melanoma i drugih ko\u017enih oboljenja<\/strong> \u2013 Rak ko\u017ee je jedan od naj\u010de\u0161\u0107ih oblika kancera, a rana dijagnostika zna\u010dajno pove\u0107ava stopu pre\u017eivljavanja.<\/li><li><strong>Dostupnost i u\u0161teda vremena<\/strong> \u2013 Pacijenti iz udaljenih podru\u010dja ili oni sa ograni\u010denim pristupom dermatolozima mogu dobiti stru\u010dnu analizu bez putovanja.<\/li><li><strong>Digitalna arhiva i pra\u0107enje promena<\/strong> \u2013 Lekari mogu \u010duvati fotografije ko\u017enih promena i pratiti njihov razvoj tokom vremena, \u0161to pobolj\u0161ava ta\u010dnost dijagnoze.<\/li><li><strong>Smanjenje nepotrebnih biopsija<\/strong> \u2013 Detaljni pregledi smanjuju potrebu za invazivnim procedurama, \u010dime se smanjuje nepotreban stres za pacijenta.<\/li><\/ul><h3>Kako funkcioni\u0161e teledermoskopija?<\/h3><ol><li><strong>Snimanje ko\u017ee<\/strong> \u2013 Pacijent ili medicinski tehni\u010dar pravi visokokvalitetne fotografije sumnjivih mlade\u017ea ili drugih ko\u017enih promena pomo\u0107u dermatoskopa.<\/li><li><strong>Slanje slika dermatologu<\/strong> \u2013 Slike se \u0161alju putem specijalizovanih platformi za medicinsku teledermatoskopiju.<\/li><li><strong>Analiza i procena rizika<\/strong> \u2013 Dermatolog pregleda slike, procenjuje rizik i daje preporuke za dalje korake (pra\u0107enje, dodatna dijagnostika ili hirur\u0161ka intervencija).<\/li><li><strong>Povratne informacije pacijentu<\/strong> \u2013 Pacijent dobija savete i uputstva za dalje korake, bilo da je u pitanju redovno pra\u0107enje ili hitan medicinski tretman.<\/li><\/ol><h3>Ko bi trebalo da koristi teledermoskopiju?<\/h3><p>Teledermoskopija je korisna za sve osobe koje \u017eele da prate zdravlje svoje ko\u017ee, ali je posebno preporu\u010dljiva za:<\/p><ul><li>Osobe sa velikim brojem mlade\u017ea.<\/li><li>Pacijente sa porodi\u010dnom istorijom melanoma ili drugih ko\u017enih oboljenja.<\/li><li>Osobe koje \u010desto borave na suncu ili koriste solarijume.<\/li><li>Pacijente koji \u017eive u udaljenim mestima bez redovnog pristupa dermatolo\u0161kim pregledima.<\/li><\/ul><h3>Budu\u0107nost teledermoskopije<\/h3><p>Sa razvojem ve\u0161ta\u010dke inteligencije i ma\u0161inskog u\u010denja, o\u010dekuje se da \u0107e teledermoskopija postati jo\u0161 preciznija i efikasnija. Automatizovani sistemi za analizu slika \u0107e pomo\u0107i lekarima u prepoznavanju rizi\u010dnih promena, \u0161to \u0107e dodatno pobolj\u0161ati prevenciju i le\u010denje ko\u017enih oboljenja.<\/p><h3>Zaklju\u010dak<\/h3><p>Teledermoskopija predstavlja revoluciju u dermatolo\u0161koj dijagnostici, omogu\u0107avaju\u0107i br\u017ee, preciznije i pristupa\u010dnije preglede. U vreme kada se rak ko\u017ee sve \u010de\u0161\u0107e dijagnostikuje, ova tehnologija mo\u017ee spasiti \u017eivote. Ako primetite bilo kakvu promenu na svojoj ko\u017ei, ne oklevajte \u2013 teledermoskopija vam mo\u017ee pomo\u0107i da na vreme dobijete pravu dijagnozu i le\u010denje.<\/p>\t\t\t\t\t\t\t\t<\/div>\n\t\t\t\t<\/div>\n\t\t\t\t<div class=\"elementor-element elementor-element-e7bdb09 elementor-widget elementor-widget-text-editor\" data-id=\"e7bdb09\" data-element_type=\"widget\" data-e-type=\"widget\" data-widget_type=\"text-editor.default\">\n\t\t\t\t<div class=\"elementor-widget-container\">\n\t\t\t\t\t\t\t\t\t<h5>Uloga teledermoskopije tokom Covid pandemije<a href=\"https:\/\/sukk.rs\/wp-content\/uploads\/2025\/02\/V2o4WWdqeFFEVjd1SkpVWk5NcGMrZz09.pdf\">:Indian Journal of Dermatology, Venereology and Leprology<\/a><\/h5>\t\t\t\t\t\t\t\t<\/div>\n\t\t\t\t<\/div>\n\t\t\t\t<div class=\"elementor-element elementor-element-d53fa40 elementor-widget elementor-widget-video\" data-id=\"d53fa40\" data-element_type=\"widget\" data-e-type=\"widget\" data-settings=\"{&quot;youtube_url&quot;:&quot;https:\\\/\\\/www.youtube.com\\\/watch?v=M6CYE05r0Lk&quot;,&quot;video_type&quot;:&quot;youtube&quot;,&quot;controls&quot;:&quot;yes&quot;}\" data-widget_type=\"video.default\">\n\t\t\t\t<div class=\"elementor-widget-container\">\n\t\t\t\t\t\t\t<div class=\"elementor-wrapper elementor-open-inline\">\n\t\t\t<div class=\"elementor-video\"><\/div>\t\t<\/div>\n\t\t\t\t\t\t<\/div>\n\t\t\t\t<\/div>\n\t\t\t\t<div class=\"elementor-element elementor-element-084d132 elementor-widget elementor-widget-video\" data-id=\"084d132\" data-element_type=\"widget\" data-e-type=\"widget\" data-settings=\"{&quot;youtube_url&quot;:&quot;https:\\\/\\\/www.youtube.com\\\/watch?feature=shared&amp;v=4P1mI9hm9LE&quot;,&quot;video_type&quot;:&quot;youtube&quot;,&quot;controls&quot;:&quot;yes&quot;}\" data-widget_type=\"video.default\">\n\t\t\t\t<div class=\"elementor-widget-container\">\n\t\t\t\t\t\t\t<div class=\"elementor-wrapper elementor-open-inline\">\n\t\t\t<div class=\"elementor-video\"><\/div>\t\t<\/div>\n\t\t\t\t\t\t<\/div>\n\t\t\t\t<\/div>\n\t\t\t\t<div class=\"elementor-element elementor-element-151852c elementor-widget elementor-widget-video\" data-id=\"151852c\" data-element_type=\"widget\" data-e-type=\"widget\" data-settings=\"{&quot;youtube_url&quot;:&quot;https:\\\/\\\/www.youtube.com\\\/watch?feature=shared&amp;v=0B1ktW-2a74&quot;,&quot;video_type&quot;:&quot;youtube&quot;,&quot;controls&quot;:&quot;yes&quot;}\" data-widget_type=\"video.default\">\n\t\t\t\t<div class=\"elementor-widget-container\">\n\t\t\t\t\t\t\t<div class=\"elementor-wrapper elementor-open-inline\">\n\t\t\t<div class=\"elementor-video\"><\/div>\t\t<\/div>\n\t\t\t\t\t\t<\/div>\n\t\t\t\t<\/div>\n\t\t\t\t<div class=\"elementor-element elementor-element-85523e6 elementor-invisible elementor-widget elementor-widget-hfe-breadcrumbs-widget\" data-id=\"85523e6\" data-element_type=\"widget\" data-e-type=\"widget\" data-settings=\"{&quot;_animation&quot;:&quot;fadeIn&quot;,&quot;_animation_delay&quot;:400}\" data-widget_type=\"hfe-breadcrumbs-widget.default\">\n\t\t\t\t<div class=\"elementor-widget-container\">\n\t\t\t\t\t<ul class=\"hfe-breadcrumbs hfe-breadcrumbs-show-home\"><li class=\"hfe-breadcrumbs-item hfe-breadcrumbs-first\"><span class=\"hfe-breadcrumbs-home-icon\"><\/span><a href=\"https:\/\/sukk.rs\/sr\"><span class=\"hfe-breadcrumbs-text\">Po\u010detna<\/span><\/a><\/li><\/ul>\t\t\t\t<\/div>\n\t\t\t\t<\/div>\n\t\t\t\t\t<\/div>\n\t\t<\/div>\n\t\t\t\t\t<\/div>\n\t\t<\/section>\n\t\t\t\t<\/div>\n\t\t","protected":false},"excerpt":{"rendered":"<p>TELEDERMOSKOPIJA Teledermoskopija \u2013 budu\u0107nost dijagnostike ko\u017enih promena U svetu u kome tehnologija sve vi\u0161e oblikuje medicinsku dijagnostiku, teledermoskopija postaje jedan od najeefikasnijih na\u010dina za rano otkrivanje ko\u017enih oboljenja, uklju\u010duju\u0107i rak ko\u017ee. Ova inovativna metoda omogu\u0107ava lekarima da procenjuju i analiziraju sumnjive promene na ko\u017ei uz pomo\u0107 digitalnih dermoskopa i telekomunikacionih tehnologija. \u0160ta je teledermoskopija? Teledermoskopija [&hellip;]<\/p>\n","protected":false},"author":1,"featured_media":0,"parent":0,"menu_order":0,"comment_status":"closed","ping_status":"closed","template":"elementor_header_footer","meta":{"footnotes":""},"class_list":["post-49534","page","type-page","status-publish","hentry"],"_links":{"self":[{"href":"https:\/\/sukk.rs\/sr\/wp-json\/wp\/v2\/pages\/49534","targetHints":{"allow":["GET"]}}],"collection":[{"href":"https:\/\/sukk.rs\/sr\/wp-json\/wp\/v2\/pages"}],"about":[{"href":"https:\/\/sukk.rs\/sr\/wp-json\/wp\/v2\/types\/page"}],"author":[{"embeddable":true,"href":"https:\/\/sukk.rs\/sr\/wp-json\/wp\/v2\/users\/1"}],"replies":[{"embeddable":true,"href":"https:\/\/sukk.rs\/sr\/wp-json\/wp\/v2\/comments?post=49534"}],"version-history":[{"count":48,"href":"https:\/\/sukk.rs\/sr\/wp-json\/wp\/v2\/pages\/49534\/revisions"}],"predecessor-version":[{"id":50871,"href":"https:\/\/sukk.rs\/sr\/wp-json\/wp\/v2\/pages\/49534\/revisions\/50871"}],"wp:attachment":[{"href":"https:\/\/sukk.rs\/sr\/wp-json\/wp\/v2\/media?parent=49534"}],"curies":[{"name":"wp","href":"https:\/\/api.w.org\/{rel}","templated":true}]}}