{"id":49532,"date":"2025-01-05T18:34:16","date_gmt":"2025-01-05T18:34:16","guid":{"rendered":"https:\/\/sukk.rs\/?page_id=49532"},"modified":"2025-02-18T22:05:36","modified_gmt":"2025-02-18T22:05:36","slug":"dermoskopija","status":"publish","type":"page","link":"https:\/\/sukk.rs\/sr\/dermoskopija\/","title":{"rendered":"Dermoskopija"},"content":{"rendered":"\t\t<div data-elementor-type=\"wp-page\" data-elementor-id=\"49532\" class=\"elementor elementor-49532\">\n\t\t\t\t\t\t<section class=\"elementor-section elementor-top-section elementor-element elementor-element-914a52c elementor-section-content-middle elementor-section-height-min-height elementor-section-boxed elementor-section-height-default elementor-section-items-middle\" data-id=\"914a52c\" data-element_type=\"section\" data-e-type=\"section\" data-settings=\"{&quot;background_background&quot;:&quot;classic&quot;}\">\n\t\t\t\t\t\t<div class=\"elementor-container elementor-column-gap-default\">\n\t\t\t\t\t<div class=\"elementor-column elementor-col-100 elementor-top-column elementor-element elementor-element-b4c40c1\" data-id=\"b4c40c1\" data-element_type=\"column\" data-e-type=\"column\">\n\t\t\t<div class=\"elementor-widget-wrap elementor-element-populated\">\n\t\t\t\t\t\t<div class=\"elementor-element elementor-element-8f5a7b5 elementor-invisible elementor-widget elementor-widget-heading\" data-id=\"8f5a7b5\" data-element_type=\"widget\" data-e-type=\"widget\" data-settings=\"{&quot;_animation&quot;:&quot;fadeInUp&quot;,&quot;_animation_delay&quot;:200}\" data-widget_type=\"heading.default\">\n\t\t\t\t<div class=\"elementor-widget-container\">\n\t\t\t\t\t<h1 class=\"elementor-heading-title elementor-size-default\">DERMOSKOPIJA<\/h1>\t\t\t\t<\/div>\n\t\t\t\t<\/div>\n\t\t\t\t<div class=\"elementor-element elementor-element-c38a75f elementor-invisible elementor-widget elementor-widget-text-editor\" data-id=\"c38a75f\" data-element_type=\"widget\" data-e-type=\"widget\" data-settings=\"{&quot;_animation&quot;:&quot;fadeInUp&quot;,&quot;_animation_delay&quot;:400}\" data-widget_type=\"text-editor.default\">\n\t\t\t\t<div class=\"elementor-widget-container\">\n\t\t\t\t\t\t\t\t\t<p>\u00a0<\/p><p><strong>\u00a0Dermoskopija: Klju\u010d za rano otkrivanje problema sa ko\u017eom<\/strong><\/p><p>Dermoskopija (dermatoskopija, epiluminiscentna mikroskopija) je nezaobilazna metoda u modernoj dermatologiji koja omogu\u0107ava detaljno prou\u010davanje promena na ko\u017ei. Ova neinvazivna tehnika koristi dermatoskop, instrument koji pru\u017ea uve\u0107anu sliku ko\u017enih lezija, \u0161to dermatologu omogu\u0107ava da preciznije postavi dijagnozu.<\/p><p><strong>\u0160ta je dermoskopija?<\/strong><\/p><p>Dermoskopija podrazumeva vizuelizaciju ko\u017enih povr\u0161ina uz pomo\u0107 specijalnog ure\u0111aja. Ovaj ure\u0111aj, dermatoskop, prosvetljava povr\u0161ne slojeve ko\u017ee i uve\u0107ava dobijenu sliku, otkrivaju\u0107i detalje koje\u00a0 ljudsko oko ne mo\u017ee primetiti. Ova metoda je izuzetno korisna za identifikaciju pigmentnih i nepigmentnih lezija, \u0161to uklju\u010duje i razne oblike melanoma.<\/p><p><strong>Za\u0161to je va\u017ena?<\/strong><\/p><p>Rano otkrivanje ko\u017enih problema mo\u017ee biti klju\u010dno za uspe\u0161no le\u010denje. Mnoge ko\u017ene bolesti, uklju\u010duju\u0107i rak ko\u017ee, mogu se le\u010diti uspe\u0161nije ako se otkriju na vreme. Dermoskopija omogu\u0107ava dermatologu da razlikuje benigni od malignog tumora, \u010dime se smanjuje potreba za biopsijom ili ekscizijom promene.<\/p><p><strong>Kako izgleda proces dermoskopije?<\/strong><\/p><p>Sam postupak je brz i bezbolan. Dermatolog \u0107e naneti te\u010dnost\/gel na ko\u017eu kako bi omogu\u0107io bolji kontakt izme\u0111u dermatoskopa i povr\u0161ine ko\u017ee. Zatim \u0107e pregledati i analizirati ko\u017ene promene kroz uve\u0107ani prikaz. Pregled jedne promene obi\u010dno traje nekoliko sekundi do jednog minuta.<\/p><p><strong>Kome je potrebna dermoskopija?<\/strong><\/p><p>Svi, posebno oni sa ve\u0107im rizikom od kancerogenih oboljenja, kao \u0161to su ljudi sa svetlom ko\u017eom, porodi\u010dnom istorijom raka ko\u017ee ili vi\u0161im brojem fleka, trebali bi razmotriti ovu proceduru. Tako\u0111e, redovni pregledi su preporu\u010dljivi za osobe koje \u010desto borave na suncu, imali su opekotine, imaju porodi\u010dnu pojavu kancera ko\u017ee ili su koristili solarijum.<\/p><p>Savremena dermatologija koristi dermoskopiju kod raznih dermatoza, bolesti dlake kao i parazitnih bolesti ko\u017ee.<\/p><p><strong>Zaklju\u010dak<\/strong><\/p><p>Dermoskopski pregled mo\u017ee pomo\u0107i ranoj dijagnostici kancera ko\u017ee i mnogih ko\u017enih oboljenja.\u00a0<\/p>\t\t\t\t\t\t\t\t<\/div>\n\t\t\t\t<\/div>\n\t\t\t\t<div class=\"elementor-element elementor-element-86bb4ef elementor-widget elementor-widget-video\" data-id=\"86bb4ef\" data-element_type=\"widget\" data-e-type=\"widget\" data-settings=\"{&quot;youtube_url&quot;:&quot;https:\\\/\\\/youtu.be\\\/dHXOwNU4tYY?feature=shared&quot;,&quot;video_type&quot;:&quot;youtube&quot;,&quot;controls&quot;:&quot;yes&quot;}\" data-widget_type=\"video.default\">\n\t\t\t\t<div class=\"elementor-widget-container\">\n\t\t\t\t\t\t\t<div class=\"elementor-wrapper elementor-open-inline\">\n\t\t\t<div class=\"elementor-video\"><\/div>\t\t<\/div>\n\t\t\t\t\t\t<\/div>\n\t\t\t\t<\/div>\n\t\t\t\t<div class=\"elementor-element elementor-element-d987312 elementor-invisible elementor-widget elementor-widget-hfe-breadcrumbs-widget\" data-id=\"d987312\" data-element_type=\"widget\" data-e-type=\"widget\" data-settings=\"{&quot;_animation&quot;:&quot;fadeIn&quot;,&quot;_animation_delay&quot;:400}\" data-widget_type=\"hfe-breadcrumbs-widget.default\">\n\t\t\t\t<div class=\"elementor-widget-container\">\n\t\t\t\t\t<ul class=\"hfe-breadcrumbs hfe-breadcrumbs-show-home\"><li class=\"hfe-breadcrumbs-item hfe-breadcrumbs-first\"><span class=\"hfe-breadcrumbs-home-icon\"><\/span><a href=\"https:\/\/sukk.rs\/sr\"><span class=\"hfe-breadcrumbs-text\">Po\u010detna<\/span><\/a><\/li><\/ul>\t\t\t\t<\/div>\n\t\t\t\t<\/div>\n\t\t\t\t<div class=\"elementor-element elementor-element-d01fc11 elementor-widget elementor-widget-text-editor\" data-id=\"d01fc11\" data-element_type=\"widget\" data-e-type=\"widget\" data-widget_type=\"text-editor.default\">\n\t\t\t\t<div class=\"elementor-widget-container\">\n\t\t\t\t\t\t\t\t\t<h4><strong>Edukativni linkovi:<\/strong><\/h4><ul><li>First step algorithm &#8211;\u00a0<a href=\"https:\/\/dermnetnz.org\/cme\/dermoscopy-course\/first-step-algorithm\">https:\/\/dermnetnz.org\/cme\/dermoscopy-course\/first-step-algorithm\u00a0<\/a><\/li><li>Seborrheic keratosis- <a href=\"https:\/\/dermnetnz.org\/cme\/dermoscopy-course\/dermoscopy-of-seborrhoeic-keratosis\">https:\/\/dermnetnz.org\/cme\/dermoscopy-course\/dermoscopy-of-seborrhoeic-keratosis<\/a><\/li><li>Basal cell carcinoma &#8211; <a href=\"https:\/\/dermnetnz.org\/cme\/dermoscopy-course\/dermoscopy-of-basal-cell-carcinoma\">https:\/\/dermnetnz.org\/cme\/dermoscopy-course\/dermoscopy-of-basal-cell-carcinoma<\/a><\/li><li>Squamous cell carcinoma &#8211; <a href=\"https:\/\/dermnetnz.org\/cme\/dermoscopy-course\/dermoscopy-of-squamous-cell-carcinoma\">https:\/\/dermnetnz.org\/cme\/dermoscopy-course\/dermoscopy-of-squamous-cell-carcinoma<\/a><\/li><li>Other non-melanocytic lesions <a href=\"https:\/\/dermnetnz.org\/cme\/dermoscopy-course\/dermoscopy-of-other-non-melanocytic-lesions\">https:\/\/dermnetnz.org\/cme\/dermoscopy-course\/dermoscopy-of-other-non-melanocytic-lesions<\/a><\/li><li>Benign melanocytic lesions &#8211; <a href=\"https:\/\/dermnetnz.org\/cme\/dermoscopy-course\/dermoscopy-of-benign-melanocytic-lesions\">https:\/\/dermnetnz.org\/cme\/dermoscopy-course\/dermoscopy-of-benign-melanocytic-lesions<\/a><\/li><li>Atypical naevi &#8211;<a href=\"https:\/\/dermnetnz.org\/cme\/dermoscopy-course\/dermoscopy-of-atypical-naevi\">https:\/\/dermnetnz.org\/cme\/dermoscopy-course\/dermoscopy-of-atypical-naevi <\/a><\/li><li>Malignant melanoma &#8211;<a href=\"https:\/\/dermnetnz.org\/cme\/dermoscopy-course\/dermoscopy-of-melanoma\">https:\/\/dermnetnz.org\/cme\/dermoscopy-course\/dermoscopy-of-melanoma<\/a>\u00a0<br \/>Three-point checklist &#8211;<a href=\"https:\/\/dermnetnz.org\/cme\/dermoscopy-course\/three-point-checklist\">https:\/\/dermnetnz.org\/cme\/dermoscopy-course\/three-point-checklist<\/a><\/li><\/ul>\t\t\t\t\t\t\t\t<\/div>\n\t\t\t\t<\/div>\n\t\t\t\t\t<\/div>\n\t\t<\/div>\n\t\t\t\t\t<\/div>\n\t\t<\/section>\n\t\t\t\t<\/div>\n\t\t","protected":false},"excerpt":{"rendered":"<p>DERMOSKOPIJA \u00a0 \u00a0Dermoskopija: Klju\u010d za rano otkrivanje problema sa ko\u017eom Dermoskopija (dermatoskopija, epiluminiscentna mikroskopija) je nezaobilazna metoda u modernoj dermatologiji koja omogu\u0107ava detaljno prou\u010davanje promena na ko\u017ei. Ova neinvazivna tehnika koristi dermatoskop, instrument koji pru\u017ea uve\u0107anu sliku ko\u017enih lezija, \u0161to dermatologu omogu\u0107ava da preciznije postavi dijagnozu. \u0160ta je dermoskopija? Dermoskopija podrazumeva vizuelizaciju ko\u017enih povr\u0161ina uz [&hellip;]<\/p>\n","protected":false},"author":1,"featured_media":0,"parent":0,"menu_order":0,"comment_status":"closed","ping_status":"closed","template":"elementor_header_footer","meta":{"footnotes":""},"class_list":["post-49532","page","type-page","status-publish","hentry"],"_links":{"self":[{"href":"https:\/\/sukk.rs\/sr\/wp-json\/wp\/v2\/pages\/49532","targetHints":{"allow":["GET"]}}],"collection":[{"href":"https:\/\/sukk.rs\/sr\/wp-json\/wp\/v2\/pages"}],"about":[{"href":"https:\/\/sukk.rs\/sr\/wp-json\/wp\/v2\/types\/page"}],"author":[{"embeddable":true,"href":"https:\/\/sukk.rs\/sr\/wp-json\/wp\/v2\/users\/1"}],"replies":[{"embeddable":true,"href":"https:\/\/sukk.rs\/sr\/wp-json\/wp\/v2\/comments?post=49532"}],"version-history":[{"count":114,"href":"https:\/\/sukk.rs\/sr\/wp-json\/wp\/v2\/pages\/49532\/revisions"}],"predecessor-version":[{"id":50911,"href":"https:\/\/sukk.rs\/sr\/wp-json\/wp\/v2\/pages\/49532\/revisions\/50911"}],"wp:attachment":[{"href":"https:\/\/sukk.rs\/sr\/wp-json\/wp\/v2\/media?parent=49532"}],"curies":[{"name":"wp","href":"https:\/\/api.w.org\/{rel}","templated":true}]}}