{"id":49530,"date":"2025-01-05T18:34:00","date_gmt":"2025-01-05T18:34:00","guid":{"rendered":"https:\/\/sukk.rs\/?page_id=49530"},"modified":"2025-02-14T22:50:03","modified_gmt":"2025-02-14T22:50:03","slug":"kursevi","status":"publish","type":"page","link":"https:\/\/sukk.rs\/sr\/kursevi\/","title":{"rendered":"Kursevi"},"content":{"rendered":"\t\t<div data-elementor-type=\"wp-page\" data-elementor-id=\"49530\" class=\"elementor elementor-49530\">\n\t\t\t\t\t\t<section class=\"elementor-section elementor-top-section elementor-element elementor-element-1c1bbed elementor-section-content-middle elementor-section-height-min-height elementor-section-boxed elementor-section-height-default elementor-section-items-middle\" data-id=\"1c1bbed\" data-element_type=\"section\" data-e-type=\"section\" data-settings=\"{&quot;background_background&quot;:&quot;classic&quot;}\">\n\t\t\t\t\t\t<div class=\"elementor-container elementor-column-gap-default\">\n\t\t\t\t\t<div class=\"elementor-column elementor-col-100 elementor-top-column elementor-element elementor-element-9406e20\" data-id=\"9406e20\" data-element_type=\"column\" data-e-type=\"column\">\n\t\t\t<div class=\"elementor-widget-wrap elementor-element-populated\">\n\t\t\t\t\t\t<div class=\"elementor-element elementor-element-d0edc8b elementor-invisible elementor-widget elementor-widget-heading\" data-id=\"d0edc8b\" data-element_type=\"widget\" data-e-type=\"widget\" data-settings=\"{&quot;_animation&quot;:&quot;fadeInUp&quot;,&quot;_animation_delay&quot;:200}\" data-widget_type=\"heading.default\">\n\t\t\t\t<div class=\"elementor-widget-container\">\n\t\t\t\t\t<h1 class=\"elementor-heading-title elementor-size-default\">EDUKACIJA<\/h1>\t\t\t\t<\/div>\n\t\t\t\t<\/div>\n\t\t\t\t<div class=\"elementor-element elementor-element-a5eb2bc elementor-invisible elementor-widget elementor-widget-text-editor\" data-id=\"a5eb2bc\" data-element_type=\"widget\" data-e-type=\"widget\" data-settings=\"{&quot;_animation&quot;:&quot;fadeInUp&quot;,&quot;_animation_delay&quot;:400}\" data-widget_type=\"text-editor.default\">\n\t\t\t\t<div class=\"elementor-widget-container\">\n\t\t\t\t\t\t\t\t\t<p>Udru\u017eenje je do sada odr\u017ealo vi\u0161e seminara iz dermoskopije koje su pohadjali lekari raznih specijalnosti kao i lekari op\u0161te prakse. Tokom 22 godine rada, etablirali smo dermatoskopiju kao savremenu dijagnosti\u010dku metodu u dijagnostici tumora ko\u017ee. Organizovali smo 24 kursa iz dermatoskopije i teledermatoskopije u Srbiji i dr\u017eavama iz okru\u017eenja i edukovali smo preko 700 lekara. Osim toga, u saradnji sa drugim ustanovama i pojedincima organizovano je vi\u0161e seminara i to: u U\u017eicu, Novom Sadu, Beogradu, Republici Srpskoj, Sarajevu, Skopju i Ohridu.<\/p>\t\t\t\t\t\t\t\t<\/div>\n\t\t\t\t<\/div>\n\t\t\t\t<div class=\"elementor-element elementor-element-a702f9a elementor-invisible elementor-widget elementor-widget-hfe-breadcrumbs-widget\" data-id=\"a702f9a\" data-element_type=\"widget\" data-e-type=\"widget\" data-settings=\"{&quot;_animation&quot;:&quot;fadeIn&quot;,&quot;_animation_delay&quot;:400}\" data-widget_type=\"hfe-breadcrumbs-widget.default\">\n\t\t\t\t<div class=\"elementor-widget-container\">\n\t\t\t\t\t<ul class=\"hfe-breadcrumbs hfe-breadcrumbs-show-home\"><li class=\"hfe-breadcrumbs-item hfe-breadcrumbs-first\"><span class=\"hfe-breadcrumbs-home-icon\"><\/span><a href=\"https:\/\/sukk.rs\/sr\"><span class=\"hfe-breadcrumbs-text\">Po\u010detna<\/span><\/a><\/li><\/ul>\t\t\t\t<\/div>\n\t\t\t\t<\/div>\n\t\t\t\t\t<\/div>\n\t\t<\/div>\n\t\t\t\t\t<\/div>\n\t\t<\/section>\n\t\t\t\t<\/div>\n\t\t","protected":false},"excerpt":{"rendered":"<p>EDUKACIJA Udru\u017eenje je do sada odr\u017ealo vi\u0161e seminara iz dermoskopije koje su pohadjali lekari raznih specijalnosti kao i lekari op\u0161te prakse. Tokom 22 godine rada, etablirali smo dermatoskopiju kao savremenu dijagnosti\u010dku metodu u dijagnostici tumora ko\u017ee. Organizovali smo 24 kursa iz dermatoskopije i teledermatoskopije u Srbiji i dr\u017eavama iz okru\u017eenja i edukovali smo preko 700 [&hellip;]<\/p>\n","protected":false},"author":1,"featured_media":0,"parent":0,"menu_order":0,"comment_status":"closed","ping_status":"closed","template":"elementor_header_footer","meta":{"footnotes":""},"class_list":["post-49530","page","type-page","status-publish","hentry"],"_links":{"self":[{"href":"https:\/\/sukk.rs\/sr\/wp-json\/wp\/v2\/pages\/49530","targetHints":{"allow":["GET"]}}],"collection":[{"href":"https:\/\/sukk.rs\/sr\/wp-json\/wp\/v2\/pages"}],"about":[{"href":"https:\/\/sukk.rs\/sr\/wp-json\/wp\/v2\/types\/page"}],"author":[{"embeddable":true,"href":"https:\/\/sukk.rs\/sr\/wp-json\/wp\/v2\/users\/1"}],"replies":[{"embeddable":true,"href":"https:\/\/sukk.rs\/sr\/wp-json\/wp\/v2\/comments?post=49530"}],"version-history":[{"count":26,"href":"https:\/\/sukk.rs\/sr\/wp-json\/wp\/v2\/pages\/49530\/revisions"}],"predecessor-version":[{"id":50649,"href":"https:\/\/sukk.rs\/sr\/wp-json\/wp\/v2\/pages\/49530\/revisions\/50649"}],"wp:attachment":[{"href":"https:\/\/sukk.rs\/sr\/wp-json\/wp\/v2\/media?parent=49530"}],"curies":[{"name":"wp","href":"https:\/\/api.w.org\/{rel}","templated":true}]}}