{"id":49528,"date":"2025-01-05T18:33:37","date_gmt":"2025-01-05T18:33:37","guid":{"rendered":"https:\/\/sukk.rs\/?page_id=49528"},"modified":"2025-03-07T15:10:24","modified_gmt":"2025-03-07T15:10:24","slug":"ciljevi","status":"publish","type":"page","link":"https:\/\/sukk.rs\/sr\/ciljevi\/","title":{"rendered":"Ciljevi"},"content":{"rendered":"\t\t<div data-elementor-type=\"wp-page\" data-elementor-id=\"49528\" class=\"elementor elementor-49528\">\n\t\t\t\t\t\t<section class=\"elementor-section elementor-top-section elementor-element elementor-element-566cd62 elementor-section-content-middle elementor-section-height-min-height elementor-section-boxed elementor-section-height-default elementor-section-items-middle\" data-id=\"566cd62\" data-element_type=\"section\" data-e-type=\"section\" data-settings=\"{&quot;background_background&quot;:&quot;classic&quot;}\">\n\t\t\t\t\t\t<div class=\"elementor-container elementor-column-gap-default\">\n\t\t\t\t\t<div class=\"elementor-column elementor-col-100 elementor-top-column elementor-element elementor-element-73e0686\" data-id=\"73e0686\" data-element_type=\"column\" data-e-type=\"column\">\n\t\t\t<div class=\"elementor-widget-wrap elementor-element-populated\">\n\t\t\t\t\t\t<div class=\"elementor-element elementor-element-dcf58df elementor-invisible elementor-widget elementor-widget-heading\" data-id=\"dcf58df\" data-element_type=\"widget\" data-e-type=\"widget\" data-settings=\"{&quot;_animation&quot;:&quot;fadeInUp&quot;,&quot;_animation_delay&quot;:200}\" data-widget_type=\"heading.default\">\n\t\t\t\t<div class=\"elementor-widget-container\">\n\t\t\t\t\t<h1 class=\"elementor-heading-title elementor-size-default\">Ciljevi<\/h1>\t\t\t\t<\/div>\n\t\t\t\t<\/div>\n\t\t\t\t<div class=\"elementor-element elementor-element-8e4acc4 elementor-invisible elementor-widget elementor-widget-text-editor\" data-id=\"8e4acc4\" data-element_type=\"widget\" data-e-type=\"widget\" data-settings=\"{&quot;_animation&quot;:&quot;fadeInUp&quot;,&quot;_animation_delay&quot;:400}\" data-widget_type=\"text-editor.default\">\n\t\t\t\t<div class=\"elementor-widget-container\">\n\t\t\t\t\t\t\t\t\t<p>Srpsko udru\u017eenje za karcinome ko\u017ee<\/p>\t\t\t\t\t\t\t\t<\/div>\n\t\t\t\t<\/div>\n\t\t\t\t<div class=\"elementor-element elementor-element-fd419d5 elementor-invisible elementor-widget elementor-widget-hfe-breadcrumbs-widget\" data-id=\"fd419d5\" data-element_type=\"widget\" data-e-type=\"widget\" data-settings=\"{&quot;_animation&quot;:&quot;fadeIn&quot;,&quot;_animation_delay&quot;:400}\" data-widget_type=\"hfe-breadcrumbs-widget.default\">\n\t\t\t\t<div class=\"elementor-widget-container\">\n\t\t\t\t\t<ul class=\"hfe-breadcrumbs hfe-breadcrumbs-show-home\"><li class=\"hfe-breadcrumbs-item hfe-breadcrumbs-first\"><span class=\"hfe-breadcrumbs-home-icon\"><\/span><a href=\"https:\/\/sukk.rs\/sr\"><span class=\"hfe-breadcrumbs-text\">Po\u010detna<\/span><\/a><\/li><\/ul>\t\t\t\t<\/div>\n\t\t\t\t<\/div>\n\t\t\t\t\t<\/div>\n\t\t<\/div>\n\t\t\t\t\t<\/div>\n\t\t<\/section>\n\t\t\t\t<section class=\"elementor-section elementor-top-section elementor-element elementor-element-7baac93 elementor-reverse-tablet elementor-reverse-mobile elementor-section-boxed elementor-section-height-default elementor-section-height-default\" data-id=\"7baac93\" data-element_type=\"section\" data-e-type=\"section\">\n\t\t\t\t\t\t<div class=\"elementor-container elementor-column-gap-default\">\n\t\t\t\t\t<div class=\"elementor-column elementor-col-100 elementor-top-column elementor-element elementor-element-6c5feb0\" data-id=\"6c5feb0\" data-element_type=\"column\" data-e-type=\"column\">\n\t\t\t<div class=\"elementor-widget-wrap elementor-element-populated\">\n\t\t\t\t\t\t<div class=\"elementor-element elementor-element-5a15af0 elementor-invisible elementor-widget elementor-widget-text-editor\" data-id=\"5a15af0\" data-element_type=\"widget\" data-e-type=\"widget\" data-settings=\"{&quot;_animation&quot;:&quot;fadeInUp&quot;,&quot;_animation_delay&quot;:400}\" data-widget_type=\"text-editor.default\">\n\t\t\t\t<div class=\"elementor-widget-container\">\n\t\t\t\t\t\t\t\t\t<p>Ciljevi<br \/>SUKK je uvek otvoren za predloge i sugestije stru\u010dnjaka svih profila, otvoren za<br \/>saradnju sa Srpskim lekarskim dru\u0161tvom, doma\u0107im i medjunarodnim strukovnim<br \/>udru\u017eenjima. Udru\u017eenje ima intenzivnu saradnju sa drugim stru\u010dnjacima i zemljama iz<br \/>regiona. \u010clanovi Srpskog udru\u017eenja za karcinome ko\u017ee na na\u0161em sajtu mogu pronaci mnoge<br \/>korisne informacije iz oblasti dermoskopije, u\u010dlaniti se u SUKK udru\u017eenje besplatno i time<br \/>dobiti brojne pogodnosti. Ciljevi udru\u017eenja jesu:<br \/>1. Saradnja stru\u010dnjaka svih profila i razli\u010ditih medicinskih centara uklju\u010denih u<br \/>dijagnostiku i le\u010denje pacijenata obolelih od karcinoma ko\u017ee. Na ovaj na\u010din skratio<br \/>bi se put pacijenata od dijagnostike do le\u010denja<br \/>2. Primarna i sekundarna perevencija ko\u017enih tumora<br \/>3. Edukacija lekara svih profila iz oblasti dermatoskopije i teledermatoskopije<br \/>4. Inovacija dijagnosti\u010dkih sredstava i algoritama<\/p><p>Kontakt:<br \/>Srpsko udru\u017eenje za karcinome ko\u017ee<br \/>Bokeljska 7, vra\u010dar Beograd, Srbija<br \/>PIB: 104007187; Mati\u010dni broj 17606875<br \/>Tel\/faks: +381 11 3910112<\/p>\t\t\t\t\t\t\t\t<\/div>\n\t\t\t\t<\/div>\n\t\t\t\t\t<\/div>\n\t\t<\/div>\n\t\t\t\t\t<\/div>\n\t\t<\/section>\n\t\t\t\t<section class=\"elementor-section elementor-top-section elementor-element elementor-element-7b290ef elementor-section-boxed elementor-section-height-default elementor-section-height-default\" data-id=\"7b290ef\" data-element_type=\"section\" data-e-type=\"section\">\n\t\t\t\t\t\t<div class=\"elementor-container elementor-column-gap-default\">\n\t\t\t\t\t<div class=\"elementor-column elementor-col-100 elementor-top-column elementor-element elementor-element-856f2fd\" data-id=\"856f2fd\" data-element_type=\"column\" data-e-type=\"column\">\n\t\t\t<div class=\"elementor-widget-wrap elementor-element-populated\">\n\t\t\t\t\t\t<div class=\"elementor-element elementor-element-724a8b1 elementor-widget elementor-widget-image\" data-id=\"724a8b1\" data-element_type=\"widget\" data-e-type=\"widget\" data-widget_type=\"image.default\">\n\t\t\t\t<div class=\"elementor-widget-container\">\n\t\t\t\t\t\t\t\t\t\t\t\t<figure class=\"wp-caption\">\n\t\t\t\t\t\t\t\t\t\t<img fetchpriority=\"high\" decoding=\"async\" width=\"1401\" height=\"451\" src=\"https:\/\/sukk.rs\/wp-content\/uploads\/2025\/01\/1.-UDS-osnivaci-2002.-slika02.jpg\" class=\"attachment-full size-full wp-image-49476\" alt=\"\" srcset=\"https:\/\/sukk.rs\/wp-content\/uploads\/2025\/01\/1.-UDS-osnivaci-2002.-slika02.jpg 1401w, https:\/\/sukk.rs\/wp-content\/uploads\/2025\/01\/1.-UDS-osnivaci-2002.-slika02-400x129.jpg 400w, https:\/\/sukk.rs\/wp-content\/uploads\/2025\/01\/1.-UDS-osnivaci-2002.-slika02-1024x330.jpg 1024w, https:\/\/sukk.rs\/wp-content\/uploads\/2025\/01\/1.-UDS-osnivaci-2002.-slika02-768x247.jpg 768w\" sizes=\"(max-width: 1401px) 100vw, 1401px\" \/>\t\t\t\t\t\t\t\t\t\t\t<figcaption class=\"widget-image-caption wp-caption-text\">Osniva\u010di Udru\u017eenja za dermoskopiju Srbije (UDS), Pan\u010devo, 17. mart 2002. godine. (nedostaje dr Tatjana Ro\u0161, Novi Sad)<\/figcaption>\n\t\t\t\t\t\t\t\t\t\t<\/figure>\n\t\t\t\t\t\t\t\t\t<\/div>\n\t\t\t\t<\/div>\n\t\t\t\t\t<\/div>\n\t\t<\/div>\n\t\t\t\t\t<\/div>\n\t\t<\/section>\n\t\t\t\t<\/div>\n\t\t","protected":false},"excerpt":{"rendered":"<p>Ciljevi Srpsko udru\u017eenje za karcinome ko\u017ee Po\u010detna CiljeviSUKK je uvek otvoren za predloge i sugestije stru\u010dnjaka svih profila, otvoren zasaradnju sa Srpskim lekarskim dru\u0161tvom, doma\u0107im i medjunarodnim strukovnimudru\u017eenjima. Udru\u017eenje ima intenzivnu saradnju sa drugim stru\u010dnjacima i zemljama izregiona. \u010clanovi Srpskog udru\u017eenja za karcinome ko\u017ee na na\u0161em sajtu mogu pronaci mnogekorisne informacije iz oblasti dermoskopije, u\u010dlaniti [&hellip;]<\/p>\n","protected":false},"author":1,"featured_media":0,"parent":0,"menu_order":0,"comment_status":"closed","ping_status":"closed","template":"elementor_header_footer","meta":{"footnotes":""},"class_list":["post-49528","page","type-page","status-publish","hentry"],"_links":{"self":[{"href":"https:\/\/sukk.rs\/sr\/wp-json\/wp\/v2\/pages\/49528","targetHints":{"allow":["GET"]}}],"collection":[{"href":"https:\/\/sukk.rs\/sr\/wp-json\/wp\/v2\/pages"}],"about":[{"href":"https:\/\/sukk.rs\/sr\/wp-json\/wp\/v2\/types\/page"}],"author":[{"embeddable":true,"href":"https:\/\/sukk.rs\/sr\/wp-json\/wp\/v2\/users\/1"}],"replies":[{"embeddable":true,"href":"https:\/\/sukk.rs\/sr\/wp-json\/wp\/v2\/comments?post=49528"}],"version-history":[{"count":38,"href":"https:\/\/sukk.rs\/sr\/wp-json\/wp\/v2\/pages\/49528\/revisions"}],"predecessor-version":[{"id":50988,"href":"https:\/\/sukk.rs\/sr\/wp-json\/wp\/v2\/pages\/49528\/revisions\/50988"}],"wp:attachment":[{"href":"https:\/\/sukk.rs\/sr\/wp-json\/wp\/v2\/media?parent=49528"}],"curies":[{"name":"wp","href":"https:\/\/api.w.org\/{rel}","templated":true}]}}