{"id":49524,"date":"2025-01-05T18:32:54","date_gmt":"2025-01-05T18:32:54","guid":{"rendered":"https:\/\/sukk.rs\/?page_id=49524"},"modified":"2025-02-14T22:53:00","modified_gmt":"2025-02-14T22:53:00","slug":"osnivaci","status":"publish","type":"page","link":"https:\/\/sukk.rs\/sr\/osnivaci\/","title":{"rendered":"Osniva\u010di"},"content":{"rendered":"\t\t<div data-elementor-type=\"wp-page\" data-elementor-id=\"49524\" class=\"elementor elementor-49524\">\n\t\t\t\t\t\t<section class=\"elementor-section elementor-top-section elementor-element elementor-element-82cafe0 elementor-section-content-middle elementor-section-height-min-height elementor-section-boxed elementor-section-height-default elementor-section-items-middle\" data-id=\"82cafe0\" data-element_type=\"section\" data-e-type=\"section\" data-settings=\"{&quot;background_background&quot;:&quot;classic&quot;}\">\n\t\t\t\t\t\t<div class=\"elementor-container elementor-column-gap-default\">\n\t\t\t\t\t<div class=\"elementor-column elementor-col-100 elementor-top-column elementor-element elementor-element-d60986d\" data-id=\"d60986d\" data-element_type=\"column\" data-e-type=\"column\">\n\t\t\t<div class=\"elementor-widget-wrap elementor-element-populated\">\n\t\t\t\t\t\t<div class=\"elementor-element elementor-element-4d4a0e3 elementor-invisible elementor-widget elementor-widget-heading\" data-id=\"4d4a0e3\" data-element_type=\"widget\" data-e-type=\"widget\" data-settings=\"{&quot;_animation&quot;:&quot;fadeInUp&quot;,&quot;_animation_delay&quot;:200}\" data-widget_type=\"heading.default\">\n\t\t\t\t<div class=\"elementor-widget-container\">\n\t\t\t\t\t<h1 class=\"elementor-heading-title elementor-size-default\">OSNIVA\u010cI<\/h1>\t\t\t\t<\/div>\n\t\t\t\t<\/div>\n\t\t\t\t<div class=\"elementor-element elementor-element-2e5b476 elementor-invisible elementor-widget elementor-widget-text-editor\" data-id=\"2e5b476\" data-element_type=\"widget\" data-e-type=\"widget\" data-settings=\"{&quot;_animation&quot;:&quot;fadeInUp&quot;,&quot;_animation_delay&quot;:400}\" data-widget_type=\"text-editor.default\">\n\t\t\t\t<div class=\"elementor-widget-container\">\n\t\t\t\t\t\t\t\t\t<p><img fetchpriority=\"high\" decoding=\"async\" class=\"alignnone size-medium wp-image-50650\" src=\"https:\/\/sukk.rs\/wp-content\/uploads\/2025\/02\/1.-UDS-osnivaci-2002.-slika02-400x129.jpg\" alt=\"\" width=\"400\" height=\"129\" srcset=\"https:\/\/sukk.rs\/wp-content\/uploads\/2025\/02\/1.-UDS-osnivaci-2002.-slika02-400x129.jpg 400w, https:\/\/sukk.rs\/wp-content\/uploads\/2025\/02\/1.-UDS-osnivaci-2002.-slika02-1024x330.jpg 1024w, https:\/\/sukk.rs\/wp-content\/uploads\/2025\/02\/1.-UDS-osnivaci-2002.-slika02-768x247.jpg 768w, https:\/\/sukk.rs\/wp-content\/uploads\/2025\/02\/1.-UDS-osnivaci-2002.-slika02-18x6.jpg 18w, https:\/\/sukk.rs\/wp-content\/uploads\/2025\/02\/1.-UDS-osnivaci-2002.-slika02.jpg 1401w\" sizes=\"(max-width: 400px) 100vw, 400px\" \/><\/p><p>Osniva\u010di Udru\u017eenja za dermoskopiju Srbije (UDS), Pan\u010devo, 17. mart 2002. godine.\u00a0<\/p>\t\t\t\t\t\t\t\t<\/div>\n\t\t\t\t<\/div>\n\t\t\t\t<div class=\"elementor-element elementor-element-79a9f83 elementor-invisible elementor-widget elementor-widget-hfe-breadcrumbs-widget\" data-id=\"79a9f83\" data-element_type=\"widget\" data-e-type=\"widget\" data-settings=\"{&quot;_animation&quot;:&quot;fadeIn&quot;,&quot;_animation_delay&quot;:400}\" data-widget_type=\"hfe-breadcrumbs-widget.default\">\n\t\t\t\t<div class=\"elementor-widget-container\">\n\t\t\t\t\t<ul class=\"hfe-breadcrumbs hfe-breadcrumbs-show-home\"><li class=\"hfe-breadcrumbs-item hfe-breadcrumbs-first\"><span class=\"hfe-breadcrumbs-home-icon\"><\/span><a href=\"https:\/\/sukk.rs\/sr\"><span class=\"hfe-breadcrumbs-text\">Po\u010detna<\/span><\/a><\/li><\/ul>\t\t\t\t<\/div>\n\t\t\t\t<\/div>\n\t\t\t\t\t<\/div>\n\t\t<\/div>\n\t\t\t\t\t<\/div>\n\t\t<\/section>\n\t\t\t\t<\/div>\n\t\t","protected":false},"excerpt":{"rendered":"<p>OSNIVA\u010cI Osniva\u010di Udru\u017eenja za dermoskopiju Srbije (UDS), Pan\u010devo, 17. mart 2002. godine.\u00a0 Po\u010detna<\/p>\n","protected":false},"author":1,"featured_media":0,"parent":0,"menu_order":0,"comment_status":"closed","ping_status":"closed","template":"elementor_header_footer","meta":{"footnotes":""},"class_list":["post-49524","page","type-page","status-publish","hentry"],"_links":{"self":[{"href":"https:\/\/sukk.rs\/sr\/wp-json\/wp\/v2\/pages\/49524","targetHints":{"allow":["GET"]}}],"collection":[{"href":"https:\/\/sukk.rs\/sr\/wp-json\/wp\/v2\/pages"}],"about":[{"href":"https:\/\/sukk.rs\/sr\/wp-json\/wp\/v2\/types\/page"}],"author":[{"embeddable":true,"href":"https:\/\/sukk.rs\/sr\/wp-json\/wp\/v2\/users\/1"}],"replies":[{"embeddable":true,"href":"https:\/\/sukk.rs\/sr\/wp-json\/wp\/v2\/comments?post=49524"}],"version-history":[{"count":20,"href":"https:\/\/sukk.rs\/sr\/wp-json\/wp\/v2\/pages\/49524\/revisions"}],"predecessor-version":[{"id":50656,"href":"https:\/\/sukk.rs\/sr\/wp-json\/wp\/v2\/pages\/49524\/revisions\/50656"}],"wp:attachment":[{"href":"https:\/\/sukk.rs\/sr\/wp-json\/wp\/v2\/media?parent=49524"}],"curies":[{"name":"wp","href":"https:\/\/api.w.org\/{rel}","templated":true}]}}